{"id":983,"date":"2022-01-25T08:22:25","date_gmt":"2022-01-25T08:22:25","guid":{"rendered":"http:\/\/www.peltolaracingservice.fi\/?post_type=product&#038;p=983"},"modified":"2022-01-25T08:22:25","modified_gmt":"2022-01-25T08:22:25","slug":"90-90-21-80-100-21-mousse-balls-etu","status":"publish","type":"product","link":"http:\/\/www.peltolaracingservice.fi\/?product=90-90-21-80-100-21-mousse-balls-etu","title":{"rendered":"90\/90-21, 80\/100-21 Mousse Balls, Etu"},"content":{"rendered":"<p>&nbsp;<\/p>\n<p>T\u00e4ysin uusi mousse tuote.<\/p>\n<p>MousseBalls on kehitt\u00e4nyt sama italialainen yritys, joka valmistaa<br \/>\njo moussea arvostetuimmille rengasmerkeille.<br \/>\nKaikki t\u00e4m\u00e4 tarkoittaa helposti koottavaa, kilpailuvalmista moussea, joka on yhteensopiva kaikkien rengasmerkkien kanssa<br \/>\nTuotte on +20 % parempi iskunvaimennus ja 50 % kest\u00e4v\u00e4mpi kuin tavallinen mousse,<br \/>\n15 % kevyempi ja 100 % muokattavissa.<\/p>\n<p>Eturengaslaatikko sis\u00e4lt\u00e4\u00e4 27 Mousse Balls -osaa ja takarengas 22 osaa.<\/p>\n","protected":false},"excerpt":{"rendered":"<p>&nbsp; T\u00e4ysin uusi mousse tuote. MousseBalls on kehitt\u00e4nyt sama italialainen yritys, joka valmistaa jo moussea arvostetuimmille rengasmerkeille. Kaikki t\u00e4m\u00e4 tarkoittaa helposti koottavaa, kilpailuvalmista moussea, joka on yhteensopiva kaikkien rengasmerkkien kanssa Tuotte on +20 % parempi iskunvaimennus ja 50 % kest\u00e4v\u00e4mpi kuin tavallinen mousse, 15 % kevyempi ja 100 % muokattavissa. Eturengaslaatikko sis\u00e4lt\u00e4\u00e4 27 Mousse Balls [&hellip;]<\/p>\n","protected":false},"featured_media":982,"comment_status":"closed","ping_status":"closed","template":"","meta":[],"product_cat":[27],"product_tag":[128,127,129],"yoast_head":"<!-- This site is optimized with the Yoast SEO plugin v20.10 - https:\/\/yoast.com\/wordpress\/plugins\/seo\/ -->\n<title>90\/90-21, 80\/100-21 Mousse Balls, Etu - Peltola Racing Service iskunvaimentimet<\/title>\n<meta name=\"robots\" content=\"index, follow, max-snippet:-1, max-image-preview:large, max-video-preview:-1\" \/>\n<link rel=\"canonical\" href=\"http:\/\/www.peltolaracingservice.fi\/?product=90-90-21-80-100-21-mousse-balls-etu\" \/>\n<meta property=\"og:locale\" content=\"fi_FI\" \/>\n<meta property=\"og:type\" content=\"article\" \/>\n<meta property=\"og:title\" content=\"90\/90-21, 80\/100-21 Mousse Balls, Etu - Peltola Racing Service iskunvaimentimet\" \/>\n<meta property=\"og:description\" content=\"&nbsp; T\u00e4ysin uusi mousse tuote. MousseBalls on kehitt\u00e4nyt sama italialainen yritys, joka valmistaa jo moussea arvostetuimmille rengasmerkeille. Kaikki t\u00e4m\u00e4 tarkoittaa helposti koottavaa, kilpailuvalmista moussea, joka on yhteensopiva kaikkien rengasmerkkien kanssa Tuotte on +20 % parempi iskunvaimennus ja 50 % kest\u00e4v\u00e4mpi kuin tavallinen mousse, 15 % kevyempi ja 100 % muokattavissa. Eturengaslaatikko sis\u00e4lt\u00e4\u00e4 27 Mousse Balls [&hellip;]\" \/>\n<meta property=\"og:url\" content=\"http:\/\/www.peltolaracingservice.fi\/?product=90-90-21-80-100-21-mousse-balls-etu\" \/>\n<meta property=\"og:site_name\" content=\"Peltola Racing Service iskunvaimentimet\" \/>\n<meta property=\"article:publisher\" content=\"https:\/\/www.facebook.com\/peltolaracingservice\/\" \/>\n<meta property=\"og:image\" content=\"http:\/\/www.peltolaracingservice.fi\/wp-content\/uploads\/2022\/01\/mousseballs.jpg\" \/>\n\t<meta property=\"og:image:width\" content=\"943\" \/>\n\t<meta property=\"og:image:height\" content=\"892\" \/>\n\t<meta property=\"og:image:type\" content=\"image\/jpeg\" \/>\n<meta name=\"twitter:card\" content=\"summary_large_image\" \/>\n<script type=\"application\/ld+json\" class=\"yoast-schema-graph\">{\"@context\":\"https:\/\/schema.org\",\"@graph\":[{\"@type\":\"WebPage\",\"@id\":\"http:\/\/www.peltolaracingservice.fi\/?product=90-90-21-80-100-21-mousse-balls-etu\",\"url\":\"http:\/\/www.peltolaracingservice.fi\/?product=90-90-21-80-100-21-mousse-balls-etu\",\"name\":\"90\/90-21, 80\/100-21 Mousse Balls, Etu - Peltola Racing Service iskunvaimentimet\",\"isPartOf\":{\"@id\":\"http:\/\/www.peltolaracingservice.fi\/#website\"},\"datePublished\":\"2022-01-25T08:22:25+00:00\",\"dateModified\":\"2022-01-25T08:22:25+00:00\",\"breadcrumb\":{\"@id\":\"http:\/\/www.peltolaracingservice.fi\/?product=90-90-21-80-100-21-mousse-balls-etu#breadcrumb\"},\"inLanguage\":\"fi\",\"potentialAction\":[{\"@type\":\"ReadAction\",\"target\":[\"http:\/\/www.peltolaracingservice.fi\/?product=90-90-21-80-100-21-mousse-balls-etu\"]}]},{\"@type\":\"BreadcrumbList\",\"@id\":\"http:\/\/www.peltolaracingservice.fi\/?product=90-90-21-80-100-21-mousse-balls-etu#breadcrumb\",\"itemListElement\":[{\"@type\":\"ListItem\",\"position\":1,\"name\":\"Home\",\"item\":\"http:\/\/www.peltolaracingservice.fi\/\"},{\"@type\":\"ListItem\",\"position\":2,\"name\":\"Kauppa\",\"item\":\"https:\/\/www.peltolaracingservice.fi\/?page_id=4\"},{\"@type\":\"ListItem\",\"position\":3,\"name\":\"90\/90-21, 80\/100-21 Mousse Balls, Etu\"}]},{\"@type\":\"WebSite\",\"@id\":\"http:\/\/www.peltolaracingservice.fi\/#website\",\"url\":\"http:\/\/www.peltolaracingservice.fi\/\",\"name\":\"Peltola Racing Service iskunvaimentimet\",\"description\":\"\",\"publisher\":{\"@id\":\"http:\/\/www.peltolaracingservice.fi\/#organization\"},\"potentialAction\":[{\"@type\":\"SearchAction\",\"target\":{\"@type\":\"EntryPoint\",\"urlTemplate\":\"http:\/\/www.peltolaracingservice.fi\/?s={search_term_string}\"},\"query-input\":\"required name=search_term_string\"}],\"inLanguage\":\"fi\"},{\"@type\":\"Organization\",\"@id\":\"http:\/\/www.peltolaracingservice.fi\/#organization\",\"name\":\"Peltola Racing Service iskunvaimentimet\",\"url\":\"http:\/\/www.peltolaracingservice.fi\/\",\"logo\":{\"@type\":\"ImageObject\",\"inLanguage\":\"fi\",\"@id\":\"http:\/\/www.peltolaracingservice.fi\/#\/schema\/logo\/image\/\",\"url\":\"http:\/\/www.peltolaracingservice.fi\/wp-content\/uploads\/2018\/01\/cropped-N\u00e4ytt\u00f6kuva-2015-1-5-kello-20.42.49.jpg\",\"contentUrl\":\"http:\/\/www.peltolaracingservice.fi\/wp-content\/uploads\/2018\/01\/cropped-N\u00e4ytt\u00f6kuva-2015-1-5-kello-20.42.49.jpg\",\"width\":266,\"height\":110,\"caption\":\"Peltola Racing Service iskunvaimentimet\"},\"image\":{\"@id\":\"http:\/\/www.peltolaracingservice.fi\/#\/schema\/logo\/image\/\"},\"sameAs\":[\"https:\/\/www.facebook.com\/peltolaracingservice\/\"]}]}<\/script>\n<!-- \/ Yoast SEO plugin. -->","yoast_head_json":{"title":"90\/90-21, 80\/100-21 Mousse Balls, Etu - Peltola Racing Service iskunvaimentimet","robots":{"index":"index","follow":"follow","max-snippet":"max-snippet:-1","max-image-preview":"max-image-preview:large","max-video-preview":"max-video-preview:-1"},"canonical":"http:\/\/www.peltolaracingservice.fi\/?product=90-90-21-80-100-21-mousse-balls-etu","og_locale":"fi_FI","og_type":"article","og_title":"90\/90-21, 80\/100-21 Mousse Balls, Etu - Peltola Racing Service iskunvaimentimet","og_description":"&nbsp; T\u00e4ysin uusi mousse tuote. MousseBalls on kehitt\u00e4nyt sama italialainen yritys, joka valmistaa jo moussea arvostetuimmille rengasmerkeille. Kaikki t\u00e4m\u00e4 tarkoittaa helposti koottavaa, kilpailuvalmista moussea, joka on yhteensopiva kaikkien rengasmerkkien kanssa Tuotte on +20 % parempi iskunvaimennus ja 50 % kest\u00e4v\u00e4mpi kuin tavallinen mousse, 15 % kevyempi ja 100 % muokattavissa. Eturengaslaatikko sis\u00e4lt\u00e4\u00e4 27 Mousse Balls [&hellip;]","og_url":"http:\/\/www.peltolaracingservice.fi\/?product=90-90-21-80-100-21-mousse-balls-etu","og_site_name":"Peltola Racing Service iskunvaimentimet","article_publisher":"https:\/\/www.facebook.com\/peltolaracingservice\/","og_image":[{"width":943,"height":892,"url":"http:\/\/www.peltolaracingservice.fi\/wp-content\/uploads\/2022\/01\/mousseballs.jpg","type":"image\/jpeg"}],"twitter_card":"summary_large_image","schema":{"@context":"https:\/\/schema.org","@graph":[{"@type":"WebPage","@id":"http:\/\/www.peltolaracingservice.fi\/?product=90-90-21-80-100-21-mousse-balls-etu","url":"http:\/\/www.peltolaracingservice.fi\/?product=90-90-21-80-100-21-mousse-balls-etu","name":"90\/90-21, 80\/100-21 Mousse Balls, Etu - Peltola Racing Service iskunvaimentimet","isPartOf":{"@id":"http:\/\/www.peltolaracingservice.fi\/#website"},"datePublished":"2022-01-25T08:22:25+00:00","dateModified":"2022-01-25T08:22:25+00:00","breadcrumb":{"@id":"http:\/\/www.peltolaracingservice.fi\/?product=90-90-21-80-100-21-mousse-balls-etu#breadcrumb"},"inLanguage":"fi","potentialAction":[{"@type":"ReadAction","target":["http:\/\/www.peltolaracingservice.fi\/?product=90-90-21-80-100-21-mousse-balls-etu"]}]},{"@type":"BreadcrumbList","@id":"http:\/\/www.peltolaracingservice.fi\/?product=90-90-21-80-100-21-mousse-balls-etu#breadcrumb","itemListElement":[{"@type":"ListItem","position":1,"name":"Home","item":"http:\/\/www.peltolaracingservice.fi\/"},{"@type":"ListItem","position":2,"name":"Kauppa","item":"https:\/\/www.peltolaracingservice.fi\/?page_id=4"},{"@type":"ListItem","position":3,"name":"90\/90-21, 80\/100-21 Mousse Balls, Etu"}]},{"@type":"WebSite","@id":"http:\/\/www.peltolaracingservice.fi\/#website","url":"http:\/\/www.peltolaracingservice.fi\/","name":"Peltola Racing Service iskunvaimentimet","description":"","publisher":{"@id":"http:\/\/www.peltolaracingservice.fi\/#organization"},"potentialAction":[{"@type":"SearchAction","target":{"@type":"EntryPoint","urlTemplate":"http:\/\/www.peltolaracingservice.fi\/?s={search_term_string}"},"query-input":"required name=search_term_string"}],"inLanguage":"fi"},{"@type":"Organization","@id":"http:\/\/www.peltolaracingservice.fi\/#organization","name":"Peltola Racing Service iskunvaimentimet","url":"http:\/\/www.peltolaracingservice.fi\/","logo":{"@type":"ImageObject","inLanguage":"fi","@id":"http:\/\/www.peltolaracingservice.fi\/#\/schema\/logo\/image\/","url":"http:\/\/www.peltolaracingservice.fi\/wp-content\/uploads\/2018\/01\/cropped-N\u00e4ytt\u00f6kuva-2015-1-5-kello-20.42.49.jpg","contentUrl":"http:\/\/www.peltolaracingservice.fi\/wp-content\/uploads\/2018\/01\/cropped-N\u00e4ytt\u00f6kuva-2015-1-5-kello-20.42.49.jpg","width":266,"height":110,"caption":"Peltola Racing Service iskunvaimentimet"},"image":{"@id":"http:\/\/www.peltolaracingservice.fi\/#\/schema\/logo\/image\/"},"sameAs":["https:\/\/www.facebook.com\/peltolaracingservice\/"]}]}},"_links":{"self":[{"href":"http:\/\/www.peltolaracingservice.fi\/index.php?rest_route=\/wp\/v2\/product\/983"}],"collection":[{"href":"http:\/\/www.peltolaracingservice.fi\/index.php?rest_route=\/wp\/v2\/product"}],"about":[{"href":"http:\/\/www.peltolaracingservice.fi\/index.php?rest_route=\/wp\/v2\/types\/product"}],"replies":[{"embeddable":true,"href":"http:\/\/www.peltolaracingservice.fi\/index.php?rest_route=%2Fwp%2Fv2%2Fcomments&post=983"}],"wp:featuredmedia":[{"embeddable":true,"href":"http:\/\/www.peltolaracingservice.fi\/index.php?rest_route=\/wp\/v2\/media\/982"}],"wp:attachment":[{"href":"http:\/\/www.peltolaracingservice.fi\/index.php?rest_route=%2Fwp%2Fv2%2Fmedia&parent=983"}],"wp:term":[{"taxonomy":"product_cat","embeddable":true,"href":"http:\/\/www.peltolaracingservice.fi\/index.php?rest_route=%2Fwp%2Fv2%2Fproduct_cat&post=983"},{"taxonomy":"product_tag","embeddable":true,"href":"http:\/\/www.peltolaracingservice.fi\/index.php?rest_route=%2Fwp%2Fv2%2Fproduct_tag&post=983"}],"curies":[{"name":"wp","href":"https:\/\/api.w.org\/{rel}","templated":true}]}}